
{"id":57,"date":"2020-08-19T22:57:28","date_gmt":"2020-08-19T20:57:28","guid":{"rendered":"https:\/\/nevazatoribrasov.ro\/?page_id=57"},"modified":"2022-07-25T16:31:54","modified_gmt":"2022-07-25T14:31:54","slug":"","status":"publish","type":"page","link":"https:\/\/nevazatoribrasov.ro\/de\/","title":{"rendered":"Erste Seite","raw":"Erste Seite"},"content":{"rendered":"\n<div class=\"wp-block-columns is-layout-flex wp-container-core-columns-is-layout-9d6595d7 wp-block-columns-is-layout-flex\">\n<div class=\"wp-block-column is-layout-flow wp-block-column-is-layout-flow\">\n<h3 class=\"wp-block-heading\"><a href=\"https:\/\/nevazatoribrasov.stefanhalus.ro\/centrul_homer\">Centrul de zi pentru nev\u0103z\u0103tori \u201eHomer\u201d<\/a><\/h3>\n\n\n\n<p>Lipsa vederii devine un handicap atunci cand exista ignoranta si lipsa de implicare din partea societatii.<\/p>\n\n\n\n<p>Asociatia Nevazatorilor din Romania -Filiala Brasov,recunoscuta de utilitate publica prin HG 1033\/03.09.2008,este organizatia reprezentativa a celor peste 2200 de nevazatori si slabvazatori din judetul Brasov.<\/p>\n\n\n\n<p>In urma evaluarii nevoilor actuale ale membrilor sai, organizatia noastra a decis in anul 2017 infiintarea centrului de zi pentru deficienti de vedere \u201cHOMER\u201d, pentru a putea continua activitatile incepute in 2009 in cadrul primului centru de readaptare functionala a deficientilor de vedere tardivi, infiintat in Romania.<\/p>\n\n\n\n<p>Centrul de zi \u201cHOMER\u201dse adreseaza tuturor persoanelor cu vederea grav afectata din judetul Brasov,posesoare de Certificat de incadrare in grad de handicap visual cu varsta de peste 18 ani.<\/p>\n<\/div>\n\n\n\n<div class=\"wp-block-column is-layout-flow wp-block-column-is-layout-flow\">\n<h3 class=\"wp-block-heading\"><a target=\"_blank\" href=\"https:\/\/ghid.nevazatoribrasov.ro\/\" rel=\"noreferrer noopener\">Bro\u0219ura \u201eCum s\u0103 ghida\u021bi un nev\u0103z\u0103tor\u201d<\/a><\/h3>\n\n\n\n<p>Disponibil\u0103 acum, gratuit, numai la Asocia\u0163ia Nev\u0103z\u0103torilor Bra\u015fov<\/p>\n\n\n\n<p>Pentru varianta online accesa\u0163i&nbsp;<a target=\"_blank\" href=\"https:\/\/ghid.nevazatoribrasov.ro\/\" rel=\"noreferrer noopener\">www.bv.anvr.ro\/ghid\/<\/a><\/p>\n\n\n\n<p>Varianta tip\u0103rit\u0103 a bro\u015furii o pute\u0163i procura de la sediul nostru din Bra\u015fov, str. Castelului nr. 106<\/p>\n\n\n\n<p>Lansarea primei edi\u0163ii a bro\u015furii \u201eCum s\u0103 ghida\u0163i un nev\u0103z\u0103tor\u201d, care con\u0163ine \u00een premier\u0103 na\u0163ional\u0103 linii de conduit\u0103 cu sugestii privitoare la asistarea persoanelor cu deficien\u0163e de vedere, a avut loc \u00een data de 30 iunie 2006, concomitent cu apari\u0163ia primei variante a acestui site care reprezint\u0103 versiunea online a bro\u015furii. Evenimentul a marcat \u00eenceputul unei campanii de informare prin intermediul c\u0103reia Asocia\u0163ia Nev\u0103z\u0103torilor Bra\u015fov urm\u0103re\u015fte cre\u015fterea gradului de integrare \u00een societate a nev\u0103z\u0103torilor din jude\u0163.<\/p>\n<\/div>\n<\/div>\n","protected":false,"raw":"<!-- wp:columns -->\n<div class=\"wp-block-columns\"><!-- wp:column -->\n<div class=\"wp-block-column\"><!-- wp:heading {\"level\":3} -->\n<h3><a href=\"https:\/\/nevazatoribrasov.stefanhalus.ro\/centrul_homer\">Centrul de zi pentru nev\u0103z\u0103tori \u201eHomer\u201d<\/a><\/h3>\n<!-- \/wp:heading -->\n\n<!-- wp:paragraph -->\n<p>Lipsa vederii devine un handicap atunci cand exista ignoranta si lipsa de implicare din partea societatii.<\/p>\n<!-- \/wp:paragraph -->\n\n<!-- wp:paragraph -->\n<p>Asociatia Nevazatorilor din Romania -Filiala Brasov,recunoscuta de utilitate publica prin HG 1033\/03.09.2008,este organizatia reprezentativa a celor peste 2200 de nevazatori si slabvazatori din judetul Brasov.<\/p>\n<!-- \/wp:paragraph -->\n\n<!-- wp:paragraph -->\n<p>In urma evaluarii nevoilor actuale ale membrilor sai, organizatia noastra a decis in anul 2017 infiintarea centrului de zi pentru deficienti de vedere \u201cHOMER\u201d, pentru a putea continua activitatile incepute in 2009 in cadrul primului centru de readaptare functionala a deficientilor de vedere tardivi, infiintat in Romania.<\/p>\n<!-- \/wp:paragraph -->\n\n<!-- wp:paragraph -->\n<p>Centrul de zi \u201cHOMER\u201dse adreseaza tuturor persoanelor cu vederea grav afectata din judetul Brasov,posesoare de Certificat de incadrare in grad de handicap visual cu varsta de peste 18 ani.<\/p>\n<!-- \/wp:paragraph --><\/div>\n<!-- \/wp:column -->\n\n<!-- wp:column -->\n<div class=\"wp-block-column\"><!-- wp:heading {\"level\":3} -->\n<h3><a target=\"_blank\" href=\"https:\/\/ghid.nevazatoribrasov.ro\/\" rel=\"noreferrer noopener\">Bro\u0219ura \u201eCum s\u0103 ghida\u021bi un nev\u0103z\u0103tor\u201d<\/a><\/h3>\n<!-- \/wp:heading -->\n\n<!-- wp:paragraph -->\n<p>Disponibil\u0103 acum, gratuit, numai la Asocia\u0163ia Nev\u0103z\u0103torilor Bra\u015fov<\/p>\n<!-- \/wp:paragraph -->\n\n<!-- wp:paragraph -->\n<p>Pentru varianta online accesa\u0163i&nbsp;<a target=\"_blank\" href=\"https:\/\/ghid.nevazatoribrasov.ro\/\" rel=\"noreferrer noopener\">www.bv.anvr.ro\/ghid\/<\/a><\/p>\n<!-- \/wp:paragraph -->\n\n<!-- wp:paragraph -->\n<p>Varianta tip\u0103rit\u0103 a bro\u015furii o pute\u0163i procura de la sediul nostru din Bra\u015fov, str. Castelului nr. 106<\/p>\n<!-- \/wp:paragraph -->\n\n<!-- wp:paragraph -->\n<p>Lansarea primei edi\u0163ii a bro\u015furii \u201eCum s\u0103 ghida\u0163i un nev\u0103z\u0103tor\u201d, care con\u0163ine \u00een premier\u0103 na\u0163ional\u0103 linii de conduit\u0103 cu sugestii privitoare la asistarea persoanelor cu deficien\u0163e de vedere, a avut loc \u00een data de 30 iunie 2006, concomitent cu apari\u0163ia primei variante a acestui site care reprezint\u0103 versiunea online a bro\u015furii. Evenimentul a marcat \u00eenceputul unei campanii de informare prin intermediul c\u0103reia Asocia\u0163ia Nev\u0103z\u0103torilor Bra\u015fov urm\u0103re\u015fte cre\u015fterea gradului de integrare \u00een societate a nev\u0103z\u0103torilor din jude\u0163.<\/p>\n<!-- \/wp:paragraph --><\/div>\n<!-- \/wp:column --><\/div>\n<!-- \/wp:columns -->"},"excerpt":{"rendered":"","protected":false,"raw":""},"author":2,"featured_media":0,"parent":0,"menu_order":0,"comment_status":"closed","ping_status":"closed","template":"","meta":{"_regular_price":[],"currency_symbol":[],"_en_post_content":"<!-- wp:columns -->\n<div class=\"wp-block-columns\"><!-- wp:column -->\n<div class=\"wp-block-column\"><!-- wp:heading {\"level\":3} -->\n<h3><a href=\"https:\/\/nevazatoribrasov.ro\/en\/centrul-de-zi-homer\/\">Centrul <\/a><a href=\"https:\/\/nevazatoribrasov.ro\/centrul-de-zi-homer\/\">de <\/a><a href=\"https:\/\/nevazatoribrasov.ro\/en\/centrul-de-zi-homer\/\" data-type=\"URL\" data-id=\"https:\/\/nevazatoribrasov.ro\/en\/centrul-de-zi-homer\/\">zi pentru nev\u0103z\u0103tori \u201eHomer\u201d<\/a><\/h3>\n<!-- \/wp:heading -->\n\n<!-- wp:paragraph -->\n<p>Lipsa vederii devine un handicap atunci cand exista ignoranta si lipsa de implicare din partea societatii.<\/p>\n<!-- \/wp:paragraph -->\n\n<!-- wp:paragraph -->\n<p>Asociatia Nevazatorilor din Romania -Filiala Brasov,recunoscuta de utilitate publica prin HG 1033\/03.09.2008,este organizatia reprezentativa a celor peste 2200 de nevazatori si slabvazatori din judetul Brasov.<\/p>\n<!-- \/wp:paragraph -->\n\n<!-- wp:paragraph -->\n<p>In urma evaluarii nevoilor actuale ale membrilor sai, organizatia noastra a decis in anul 2017 infiintarea centrului de zi pentru deficienti de vedere \u201cHOMER\u201d, pentru a putea continua activitatile incepute in 2009 in cadrul primului centru de readaptare functionala a deficientilor de vedere tardivi, infiintat in Romania.<\/p>\n<!-- \/wp:paragraph -->\n\n<!-- wp:paragraph -->\n<p>Centrul de zi \u201cHOMER\u201dse adreseaza tuturor persoanelor cu vederea grav afectata din judetul Brasov,posesoare de Certificat de incadrare in grad de handicap visual cu varsta de peste 18 ani.<\/p>\n<!-- \/wp:paragraph --><\/div>\n<!-- \/wp:column -->\n\n<!-- wp:column -->\n<div class=\"wp-block-column\"><!-- wp:heading {\"level\":3} -->\n<h3><a target=\"_blank\" href=\"https:\/\/ghid.nevazatoribrasov.ro\/\" rel=\"noreferrer noopener\">Bro\u0219ura \u201eCum s\u0103 ghida\u021bi un nev\u0103z\u0103tor\u201d<\/a><\/h3>\n<!-- \/wp:heading -->\n\n<!-- wp:paragraph -->\n<p>Disponibil\u0103 acum, gratuit, numai la Asocia\u0163ia Nev\u0103z\u0103torilor Bra\u015fov<\/p>\n<!-- \/wp:paragraph -->\n\n<!-- wp:paragraph -->\n<p>Pentru varianta online accesa\u0163i&nbsp;<a target=\"_blank\" href=\"https:\/\/ghid.nevazatoribrasov.ro\/\" rel=\"noreferrer noopener\">www.bv.anvr.ro\/ghid\/<\/a><\/p>\n<!-- \/wp:paragraph -->\n\n<!-- wp:paragraph -->\n<p>Varianta tip\u0103rit\u0103 a bro\u015furii o pute\u0163i procura de la sediul nostru din Bra\u015fov, str. Castelului nr. 106<\/p>\n<!-- \/wp:paragraph -->\n\n<!-- wp:paragraph -->\n<p>Lansarea primei edi\u0163ii a bro\u015furii \u201eCum s\u0103 ghida\u0163i un nev\u0103z\u0103tor\u201d, care con\u0163ine \u00een premier\u0103 na\u0163ional\u0103 linii de conduit\u0103 cu sugestii privitoare la asistarea persoanelor cu deficien\u0163e de vedere, a avut loc \u00een data de 30 iunie 2006, concomitent cu apari\u0163ia primei variante a acestui site care reprezint\u0103 versiunea online a bro\u015furii. Evenimentul a marcat \u00eenceputul unei campanii de informare prin intermediul c\u0103reia Asocia\u0163ia Nev\u0103z\u0103torilor Bra\u015fov urm\u0103re\u015fte cre\u015fterea gradului de integrare \u00een societate a nev\u0103z\u0103torilor din jude\u0163.<\/p>\n<!-- \/wp:paragraph --><\/div>\n<!-- \/wp:column --><\/div>\n<!-- \/wp:columns -->","_en_post_name":"","_en_post_excerpt":"","_en_post_title":"Home page","_ro_post_content":"<!-- wp:group -->\n<div class=\"wp-block-group\"><!-- wp:columns -->\n<div class=\"wp-block-columns\"><!-- wp:column -->\n<div class=\"wp-block-column\"><!-- wp:heading {\"level\":3} -->\n<h3><a href=\"https:\/\/nevazatoribrasov.ro\/centrul-de-zi-homer\/\">Centrul de zi pentru nev\u0103z\u0103tori \u201eHomer\u201d<\/a><\/h3>\n<!-- \/wp:heading -->\n\n<!-- wp:image {\"id\":37,\"width\":237,\"height\":237,\"sizeSlug\":\"large\"} -->\n<figure class=\"wp-block-image size-large is-resized\"><img src=\"https:\/\/nevazatoribrasov.ro\/wp-content\/uploads\/2020\/08\/pliant-fata-1024x1024.jpg\" alt=\"\" class=\"wp-image-37\" width=\"237\" height=\"237\"\/><\/figure>\n<!-- \/wp:image -->\n\n<!-- wp:paragraph -->\n<p>Lipsa vederii devine un handicap atunci cand exista ignoranta si lipsa de implicare din partea societatii.<\/p>\n<!-- \/wp:paragraph -->\n\n<!-- wp:paragraph -->\n<p>Asociatia Nevazatorilor din Romania -Filiala Brasov,recunoscuta de utilitate publica prin HG 1033\/03.09.2008,este organizatia reprezentativa a celor peste 2200 de nevazatori si slabvazatori din judetul Brasov.<\/p>\n<!-- \/wp:paragraph -->\n\n<!-- wp:paragraph -->\n<p>In urma evaluarii nevoilor actuale ale membrilor sai, organizatia noastra a decis in anul 2017 infiintarea centrului de zi pentru deficienti de vedere \u201cHOMER\u201d, pentru a putea continua activitatile incepute in 2009 in cadrul primului centru de readaptare functionala a deficientilor de vedere tardivi, infiintat in Romania.<\/p>\n<!-- \/wp:paragraph -->\n\n<!-- wp:paragraph -->\n<p>Centrul de zi \u201cHOMER\u201dse adreseaza tuturor persoanelor cu vederea grav afectata din judetul Brasov,posesoare de Certificat de incadrare in grad de handicap visual cu varsta de peste 18 ani.<\/p>\n<!-- \/wp:paragraph -->\n\n<!-- wp:html -->\n<div style=\"text-align:center\">\n<a href=\"http:\/\/www.comunicatedepresa.net\" target=\"_blank\" rel=\"noopener\"><img src=\"http:\/\/www.comunicatedepresa.net\/assets\/img\/logo.png\" width=\"200px\"><\/a>\n<\/div>\n<!-- \/wp:html --><\/div>\n<!-- \/wp:column -->\n\n<!-- wp:column -->\n<div class=\"wp-block-column\"><!-- wp:heading {\"level\":3} -->\n<h3><a target=\"_blank\" href=\"https:\/\/ghid.nevazatoribrasov.ro\/\" rel=\"noreferrer noopener\">Bro\u0219ura \u201eCum s\u0103 ghida\u021bi un nev\u0103z\u0103tor\u201d<\/a><\/h3>\n<!-- \/wp:heading -->\n\n<!-- wp:image {\"id\":35,\"width\":268,\"height\":369,\"sizeSlug\":\"large\"} -->\n<figure class=\"wp-block-image size-large is-resized\"><img src=\"https:\/\/nevazatoribrasov.ro\/wp-content\/uploads\/2020\/08\/guide.jpg\" alt=\"\" class=\"wp-image-35\" width=\"268\" height=\"369\"\/><\/figure>\n<!-- \/wp:image -->\n\n<!-- wp:paragraph -->\n<p>Disponibil\u0103 acum, gratuit, numai la Asocia\u0163ia Nev\u0103z\u0103torilor Bra\u015fov<\/p>\n<!-- \/wp:paragraph -->\n\n<!-- wp:paragraph -->\n<p>Pentru varianta online accesa\u0163i&nbsp;<a target=\"_blank\" href=\"https:\/\/ghid.nevazatoribrasov.ro\/\" rel=\"noreferrer noopener\">www.bv.anvr.ro\/ghid\/<\/a><\/p>\n<!-- \/wp:paragraph -->\n\n<!-- wp:paragraph -->\n<p>Varianta tip\u0103rit\u0103 a bro\u015furii o pute\u0163i procura de la sediul nostru din Bra\u015fov, str. Castelului nr. 106<\/p>\n<!-- \/wp:paragraph -->\n\n<!-- wp:paragraph -->\n<p>Lansarea primei edi\u0163ii a bro\u015furii \u201eCum s\u0103 ghida\u0163i un nev\u0103z\u0103tor\u201d, care con\u0163ine \u00een premier\u0103 na\u0163ional\u0103 linii de conduit\u0103 cu sugestii privitoare la asistarea persoanelor cu deficien\u0163e de vedere, a avut loc \u00een data de 30 iunie 2006, concomitent cu apari\u0163ia primei variante a acestui site care reprezint\u0103 versiunea online a bro\u015furii. Evenimentul a marcat \u00eenceputul unei campanii de informare prin intermediul c\u0103reia Asocia\u0163ia Nev\u0103z\u0103torilor Bra\u015fov urm\u0103re\u015fte cre\u015fterea gradului de integrare \u00een societate a nev\u0103z\u0103torilor din jude\u0163.<\/p>\n<!-- \/wp:paragraph --><\/div>\n<!-- \/wp:column --><\/div>\n<!-- \/wp:columns --><\/div>\n<!-- \/wp:group -->","_ro_post_name":"prima-pagina","_ro_post_excerpt":"","_ro_post_title":"Prima pagin\u0103","_de_post_content":"<!-- wp:columns -->\n<div class=\"wp-block-columns\"><!-- wp:column -->\n<div class=\"wp-block-column\"><!-- wp:heading {\"level\":3} -->\n<h3><a href=\"https:\/\/nevazatoribrasov.stefanhalus.ro\/centrul_homer\">Centrul de zi pentru nev\u0103z\u0103tori \u201eHomer\u201d<\/a><\/h3>\n<!-- \/wp:heading -->\n\n<!-- wp:paragraph -->\n<p>Lipsa vederii devine un handicap atunci cand exista ignoranta si lipsa de implicare din partea societatii.<\/p>\n<!-- \/wp:paragraph -->\n\n<!-- wp:paragraph -->\n<p>Asociatia Nevazatorilor din Romania -Filiala Brasov,recunoscuta de utilitate publica prin HG 1033\/03.09.2008,este organizatia reprezentativa a celor peste 2200 de nevazatori si slabvazatori din judetul Brasov.<\/p>\n<!-- \/wp:paragraph -->\n\n<!-- wp:paragraph -->\n<p>In urma evaluarii nevoilor actuale ale membrilor sai, organizatia noastra a decis in anul 2017 infiintarea centrului de zi pentru deficienti de vedere \u201cHOMER\u201d, pentru a putea continua activitatile incepute in 2009 in cadrul primului centru de readaptare functionala a deficientilor de vedere tardivi, infiintat in Romania.<\/p>\n<!-- \/wp:paragraph -->\n\n<!-- wp:paragraph -->\n<p>Centrul de zi \u201cHOMER\u201dse adreseaza tuturor persoanelor cu vederea grav afectata din judetul Brasov,posesoare de Certificat de incadrare in grad de handicap visual cu varsta de peste 18 ani.<\/p>\n<!-- \/wp:paragraph --><\/div>\n<!-- \/wp:column -->\n\n<!-- wp:column -->\n<div class=\"wp-block-column\"><!-- wp:heading {\"level\":3} -->\n<h3><a target=\"_blank\" href=\"https:\/\/ghid.nevazatoribrasov.ro\/\" rel=\"noreferrer noopener\">Bro\u0219ura \u201eCum s\u0103 ghida\u021bi un nev\u0103z\u0103tor\u201d<\/a><\/h3>\n<!-- \/wp:heading -->\n\n<!-- wp:paragraph -->\n<p>Disponibil\u0103 acum, gratuit, numai la Asocia\u0163ia Nev\u0103z\u0103torilor Bra\u015fov<\/p>\n<!-- \/wp:paragraph -->\n\n<!-- wp:paragraph -->\n<p>Pentru varianta online accesa\u0163i&nbsp;<a target=\"_blank\" href=\"https:\/\/ghid.nevazatoribrasov.ro\/\" rel=\"noreferrer noopener\">www.bv.anvr.ro\/ghid\/<\/a><\/p>\n<!-- \/wp:paragraph -->\n\n<!-- wp:paragraph -->\n<p>Varianta tip\u0103rit\u0103 a bro\u015furii o pute\u0163i procura de la sediul nostru din Bra\u015fov, str. Castelului nr. 106<\/p>\n<!-- \/wp:paragraph -->\n\n<!-- wp:paragraph -->\n<p>Lansarea primei edi\u0163ii a bro\u015furii \u201eCum s\u0103 ghida\u0163i un nev\u0103z\u0103tor\u201d, care con\u0163ine \u00een premier\u0103 na\u0163ional\u0103 linii de conduit\u0103 cu sugestii privitoare la asistarea persoanelor cu deficien\u0163e de vedere, a avut loc \u00een data de 30 iunie 2006, concomitent cu apari\u0163ia primei variante a acestui site care reprezint\u0103 versiunea online a bro\u015furii. Evenimentul a marcat \u00eenceputul unei campanii de informare prin intermediul c\u0103reia Asocia\u0163ia Nev\u0103z\u0103torilor Bra\u015fov urm\u0103re\u015fte cre\u015fterea gradului de integrare \u00een societate a nev\u0103z\u0103torilor din jude\u0163.<\/p>\n<!-- \/wp:paragraph --><\/div>\n<!-- \/wp:column --><\/div>\n<!-- \/wp:columns -->","_de_post_name":"","_de_post_excerpt":"","_de_post_title":"Erste Seite","edit_language":"de","footnotes":""},"class_list":["post-57","page","type-page","status-publish","hentry"],"post_slider_layout_featured_media_urls":{"thumbnail":"","post_slider_layout_landscape_large":"","post_slider_layout_portrait_large":"","post_slider_layout_square_large":"","post_slider_layout_landscape":"","post_slider_layout_portrait":"","post_slider_layout_square":"","full":""},"_links":{"self":[{"href":"https:\/\/nevazatoribrasov.ro\/de\/wp-json\/wp\/v2\/pages\/57","targetHints":{"allow":["GET"]}}],"collection":[{"href":"https:\/\/nevazatoribrasov.ro\/de\/wp-json\/wp\/v2\/pages"}],"about":[{"href":"https:\/\/nevazatoribrasov.ro\/de\/wp-json\/wp\/v2\/types\/page"}],"author":[{"embeddable":true,"href":"https:\/\/nevazatoribrasov.ro\/de\/wp-json\/wp\/v2\/users\/2"}],"replies":[{"embeddable":true,"href":"https:\/\/nevazatoribrasov.ro\/de\/wp-json\/wp\/v2\/comments?post=57"}],"version-history":[{"count":7,"href":"https:\/\/nevazatoribrasov.ro\/de\/wp-json\/wp\/v2\/pages\/57\/revisions"}],"predecessor-version":[{"id":172,"href":"https:\/\/nevazatoribrasov.ro\/de\/wp-json\/wp\/v2\/pages\/57\/revisions\/172"}],"wp:attachment":[{"href":"https:\/\/nevazatoribrasov.ro\/de\/wp-json\/wp\/v2\/media?parent=57"}],"curies":[{"name":"wp","href":"https:\/\/api.w.org\/{rel}","templated":true}]}}