
{"id":13,"date":"2020-08-19T11:34:28","date_gmt":"2020-08-19T11:34:28","guid":{"rendered":"http:\/\/nevazatoribrasov.ro\/?page_id=13"},"modified":"2026-01-12T17:27:43","modified_gmt":"2026-01-12T15:27:43","slug":"","status":"publish","type":"page","link":"https:\/\/nevazatoribrasov.ro\/en\/cum-sa-ajut\/","title":{"rendered":"How to help?","raw":"How to help?"},"content":{"rendered":"","protected":false,"raw":""},"excerpt":{"rendered":"","protected":false,"raw":""},"author":1,"featured_media":0,"parent":0,"menu_order":0,"comment_status":"closed","ping_status":"closed","template":"","meta":{"_regular_price":[null],"currency_symbol":[null],"_en_post_content":"","_en_post_name":"","_en_post_excerpt":"","_en_post_title":"How to help?","_ro_post_content":"<!-- wp:columns -->\n<div class=\"wp-block-columns\"><!-- wp:column -->\n<div class=\"wp-block-column\"><!-- wp:paragraph -->\n<p>V\u0103 mul\u0163umim pentru interesul manifestat de dumneavoastr\u0103 pentru sprijinirea activit\u0103\u021bii Asocia\u021biei Nev\u0103z\u0103torilor din Rom\u00e2nia \u2013 Filiala Bra\u015fov.<\/p>\n<!-- \/wp:paragraph -->\n\n<!-- wp:paragraph -->\n<p>\u00cen acest an \u00eencerc\u0103m s\u0103 ajut\u0103m peste 2.500 dintre cei mai defavoriza\u021bi locuitori ai jude\u021bului nostru.<\/p>\n<!-- \/wp:paragraph -->\n\n<!-- wp:paragraph -->\n<p>Una dintre cele mai bune metode prin care pute\u021bi aduce o schimbare \u00een via\u021ba acestor oameni este s\u0103 face\u021bi o contribu\u021bie financiar\u0103 pentru a sprijini eforturile noastre.<\/p>\n<!-- \/wp:paragraph -->\n\n<!-- wp:paragraph -->\n<p>Asocia\u0163ia Nev\u0103z\u0103torilor din Rom\u00e2nia \u2013 Filiala Bra\u015fov este o organiza\u0163ie neguvernamental\u0103 \u015fi depinde de dona\u0163ii pentru a-\u015fi putea \u00eendeplini misiunea \u015fi a-\u015fi desf\u0103\u015fura activitatea.<\/p>\n<!-- \/wp:paragraph -->\n\n<!-- wp:paragraph -->\n<p>C\u00e2nd face\u0163i o dona\u0163ie ave\u0163i posibilitatea s\u0103 opta\u0163i pentru una din activit\u0103\u0163ile noastre principale sau s\u0103 face\u0163i o dona\u0163ie general\u0103, care nu este destinat\u0103 unui program anume.<\/p>\n<!-- \/wp:paragraph -->\n\n<!-- wp:paragraph -->\n<p>Aceste dona\u0163ii f\u0103r\u0103 destina\u0163ie fix\u0103 ne permit s\u0103 ajut\u0103m oamenii care se afl\u0103 \u00eentr-o situa\u0163ie disperat\u0103, dar pentru care str\u00e2ngerea de fonduri poate fi dificil\u0103 \u00eentruc\u00e2t problemele \u015fi suferin\u0163a lor nu mai face obiectul \u015ftirilor curente.<\/p>\n<!-- \/wp:paragraph -->\n\n<!-- wp:paragraph -->\n<p>Dona\u0163iile pot fi f\u0103cute \u00een contul Asocia\u0163iei Nev\u0103z\u0103torilor din Rom\u00e2nia \u2013 Filiala Bra\u015fov, RO23WBAN2511000008500569, deschis la INTESA SANPAOLO BANK ROMANIA.<\/p>\n<!-- \/wp:paragraph -->\n\n<!-- wp:paragraph -->\n<p>Asocia\u0163ia Nev\u0103z\u0103torilor Bra\u015fov v\u0103 mul\u0163ume\u015fte pentru sprijinul dumneavoastr\u0103.<br>100 de persoane \u00eencep s\u0103-\u015fi piard\u0103 vederea \u00een fiecare zi. Sprijinul dumneavoastr\u0103 ne ajut\u0103 s\u0103 reconstruim vie\u0163i devastate de pierderea vederii.<\/p>\n<!-- \/wp:paragraph --><\/div>\n<!-- \/wp:column -->\n\n<!-- wp:column -->\n<div class=\"wp-block-column\"><!-- wp:image {\"lightbox\":{\"enabled\":false},\"id\":252,\"sizeSlug\":\"full\",\"linkDestination\":\"custom\",\"className\":\"is-resized\"} -->\n<figure class=\"wp-block-image size-full is-resized\"><a href=\"https:\/\/nevazatoribrasov.ro\/wp-content\/uploads\/2026\/01\/f230-2026.pdf\" target=\"_blank\" rel=\"noreferrer noopener\"><img src=\"https:\/\/nevazatoribrasov.ro\/wp-content\/uploads\/2025\/01\/formular-230.jpg\" alt=\"Formular pentru redirec\u021bionarea a 3,5% din impozitul deja pl\u0103tit \u00een 2024\" class=\"wp-image-252\"\/><\/a><figcaption class=\"wp-element-caption\">Formular pentru redirec\u021bionarea a 3,5% din impozitul deja pl\u0103tit \u00een 2024<\/figcaption><\/figure>\n<!-- \/wp:image --><\/div>\n<!-- \/wp:column --><\/div>\n<!-- \/wp:columns -->","_ro_post_name":"cum-sa-ajut","_ro_post_excerpt":"","_ro_post_title":"Cum s\u0103 ajut?","_de_post_content":"","_de_post_name":"","_de_post_excerpt":"","_de_post_title":"Wie kann ich helfen?","edit_language":"en","footnotes":""},"class_list":["post-13","page","type-page","status-publish","hentry"],"post_slider_layout_featured_media_urls":{"thumbnail":"","post_slider_layout_landscape_large":"","post_slider_layout_portrait_large":"","post_slider_layout_square_large":"","post_slider_layout_landscape":"","post_slider_layout_portrait":"","post_slider_layout_square":"","full":""},"_links":{"self":[{"href":"https:\/\/nevazatoribrasov.ro\/en\/wp-json\/wp\/v2\/pages\/13","targetHints":{"allow":["GET"]}}],"collection":[{"href":"https:\/\/nevazatoribrasov.ro\/en\/wp-json\/wp\/v2\/pages"}],"about":[{"href":"https:\/\/nevazatoribrasov.ro\/en\/wp-json\/wp\/v2\/types\/page"}],"author":[{"embeddable":true,"href":"https:\/\/nevazatoribrasov.ro\/en\/wp-json\/wp\/v2\/users\/1"}],"replies":[{"embeddable":true,"href":"https:\/\/nevazatoribrasov.ro\/en\/wp-json\/wp\/v2\/comments?post=13"}],"version-history":[{"count":6,"href":"https:\/\/nevazatoribrasov.ro\/en\/wp-json\/wp\/v2\/pages\/13\/revisions"}],"predecessor-version":[{"id":123,"href":"https:\/\/nevazatoribrasov.ro\/en\/wp-json\/wp\/v2\/pages\/13\/revisions\/123"}],"wp:attachment":[{"href":"https:\/\/nevazatoribrasov.ro\/en\/wp-json\/wp\/v2\/media?parent=13"}],"curies":[{"name":"wp","href":"https:\/\/api.w.org\/{rel}","templated":true}]}}