
{"id":173,"date":"2022-07-25T16:42:49","date_gmt":"2022-07-25T14:42:49","guid":{"rendered":"https:\/\/nevazatoribrasov.ro\/?page_id=173"},"modified":"2022-12-03T14:43:07","modified_gmt":"2022-12-03T12:43:07","slug":"","status":"publish","type":"page","link":"https:\/\/nevazatoribrasov.ro\/en\/noutati\/impreuna-invingem-intunericul\/","title":{"rendered":"","raw":""},"content":{"rendered":"","protected":false,"raw":""},"excerpt":{"rendered":"","protected":false,"raw":""},"author":3,"featured_media":0,"parent":143,"menu_order":0,"comment_status":"closed","ping_status":"closed","template":"","meta":{"_regular_price":[null],"currency_symbol":[null],"_en_post_content":"","_en_post_name":"","_en_post_excerpt":"","_en_post_title":"","_ro_post_content":"<!-- wp:paragraph -->\n<p>Asocia\u021bia Nev\u0103z\u0103torilor din Rom\u00e2nia \u2013 Filiala Bra\u0219ov anun\u021b\u0103 lansarea proiectului \u201e\u00cempreun\u0103 \u00eenvingem \u00eentunericul\u201c.<\/p>\n<!-- \/wp:paragraph -->\n\n<!-- wp:paragraph -->\n<p>Proiectul beneficiaz\u0103 de o finan\u021bare \u00een valoare de 49.901 lei din partea Prim\u0103riei Municipiului Bra\u0219ov, \u00een cadrul programului de finan\u021b\u0103ri nerambursabile din bugetul Municipiului Bra\u0219ov, pentru activit\u0103\u021bi nonprofit de interes local din domeniul social \u0219i este \u00een concordan\u021b\u0103 cu Strategia de dezvoltare a serviciilor sociale pentru perioada 2019-2023, OS 2 \u201eAsigurarea particip\u0103rii depline a persoanelor cu dizabilit\u0103\u021bi la toate domeniile vie\u021bii\u201d.<\/p>\n<!-- \/wp:paragraph -->\n\n<!-- wp:paragraph -->\n<p>Proiectul are ca scop promovarea \u0219i accelerarea procesului de implementare a egaliz\u0103rii \u0219anselor persoanelor cu dizabilit\u0103\u021bi vizuale, aflate \u00eentr-o stare accentuat\u0103 de vulnerabilitate \u0219i risc de excluziune din cauza pierderii vederii la v\u00e2rst\u0103 adult\u0103 \u0219i numai.<\/p>\n<!-- \/wp:paragraph -->\n\n<!-- wp:paragraph -->\n<p>Perioada de implementare a proiectului este de 5 luni.<\/p>\n<!-- \/wp:paragraph -->\n\n<!-- wp:paragraph -->\n<p>Principalele activit\u0103\u021bi ale proiectului includ amenajarea \u0219i eficientizarea energetic\u0103 a spa\u021biului pentru desf\u0103\u0219urarea activit\u0103\u021bilor de instruire\/alfabetizare Braille a persoanelor din grupul \u021bint\u0103 \u0219i dotarea tehnic\u0103 a organiza\u021biei cu echipamente de imprimare \u0219i consumabile specifice (tactile, \u00een relief, alfabet Braille), pentru satisfacerea imediat\u0103 a necesit\u0103\u021bilor beneficiarilor din grupul \u021bint\u0103.<\/p>\n<!-- \/wp:paragraph -->\n\n<!-- wp:paragraph -->\n<p>Proiectul urm\u0103re\u0219te de asemenea realizarea de diferite produse importante pentru accesibilizarea mediului fizic, cum ar fi:<\/p>\n<!-- \/wp:paragraph -->\n\n<!-- wp:list -->\n<ul><!-- wp:list-item -->\n<li>etichete scrise \u00een alfabet Braille pentru aplicat pe mobilier, pe ambalaje alimentare \u0219i nealimentare, pe umera\u0219e pentru obiecte de \u00eembr\u0103c\u0103minte \u0219i \u00eenc\u0103l\u021b\u0103minte, pentru identificarea culorilor structurii \u021bes\u0103turilor, \u0219i distribuirea lor c\u0103tre beneficiari;<\/li>\n<!-- \/wp:list-item -->\n\n<!-- wp:list-item -->\n<li>confec\u021bionare h\u0103r\u021bi tactile personalizate (\u00een relief\/3D) ale traseelor uzuale pe care se deplaseaz\u0103 beneficiarii (ex. domiciliul-farmacie; domiciliu-medic familie; domiciliu-sediu asocia\u021bie; domiciliu-sta\u021bie RAT);<\/li>\n<!-- \/wp:list-item -->\n\n<!-- wp:list-item -->\n<li>accesibilizare materiale didactice \u0219i pentru elevi\/studen\u021bi nev\u0103z\u0103tori (rigle cu marcaje \u00een relief; h\u0103r\u021bi geografice tactile, etc.).<\/li>\n<!-- \/wp:list-item --><\/ul>\n<!-- \/wp:list -->\n\n<!-- wp:paragraph -->\n<p>Pentru mai multe informa\u021bii legate de proiect ne pute\u021bi contacta la datele de mai jos:<\/p>\n<!-- \/wp:paragraph -->\n\n<!-- wp:paragraph -->\n<p>Telefon \u2013 0268 478 328<\/p>\n<!-- \/wp:paragraph -->\n\n<!-- wp:paragraph -->\n<p>Email \u2013 bvanvr@gmail.com<\/p>\n<!-- \/wp:paragraph -->\n\n<!-- wp:image {\"id\":176,\"sizeSlug\":\"full\",\"linkDestination\":\"none\"} -->\n<figure class=\"wp-block-image size-full\"><img src=\"https:\/\/nevazatoribrasov.ro\/wp-content\/uploads\/2022\/07\/brasovcity-1.jpg\" alt=\"\" class=\"wp-image-176\"\/><\/figure>\n<!-- \/wp:image -->\n\n<!-- wp:paragraph -->\n<p>Proiect finan\u021bat de Municipiul Bra\u0219ov.<\/p>\n<!-- \/wp:paragraph -->\n\n<!-- wp:paragraph -->\n<p>Con\u021binutul acestui proiect nu reflect\u0103 neap\u0103rat pozi\u021bia Municipiului Bra\u015fov \u0219i nu implic\u0103 nici o responsabilitate din partea acestuia.<\/p>\n<!-- \/wp:paragraph -->","_ro_post_name":"impreuna-invingem-intunericul","_ro_post_excerpt":"","_ro_post_title":"Lansarea proiectului \u201e\u00cempreun\u0103 \u00eenvingem \u00eentunericul\u201d","_de_post_content":"","_de_post_name":"","_de_post_excerpt":"","_de_post_title":"","edit_language":"en","footnotes":""},"class_list":["post-173","page","type-page","status-publish","hentry"],"post_slider_layout_featured_media_urls":{"thumbnail":"","post_slider_layout_landscape_large":"","post_slider_layout_portrait_large":"","post_slider_layout_square_large":"","post_slider_layout_landscape":"","post_slider_layout_portrait":"","post_slider_layout_square":"","full":""},"_links":{"self":[{"href":"https:\/\/nevazatoribrasov.ro\/en\/wp-json\/wp\/v2\/pages\/173","targetHints":{"allow":["GET"]}}],"collection":[{"href":"https:\/\/nevazatoribrasov.ro\/en\/wp-json\/wp\/v2\/pages"}],"about":[{"href":"https:\/\/nevazatoribrasov.ro\/en\/wp-json\/wp\/v2\/types\/page"}],"author":[{"embeddable":true,"href":"https:\/\/nevazatoribrasov.ro\/en\/wp-json\/wp\/v2\/users\/3"}],"replies":[{"embeddable":true,"href":"https:\/\/nevazatoribrasov.ro\/en\/wp-json\/wp\/v2\/comments?post=173"}],"version-history":[{"count":2,"href":"https:\/\/nevazatoribrasov.ro\/en\/wp-json\/wp\/v2\/pages\/173\/revisions"}],"predecessor-version":[{"id":187,"href":"https:\/\/nevazatoribrasov.ro\/en\/wp-json\/wp\/v2\/pages\/173\/revisions\/187"}],"up":[{"embeddable":true,"href":"https:\/\/nevazatoribrasov.ro\/en\/wp-json\/wp\/v2\/pages\/143"}],"wp:attachment":[{"href":"https:\/\/nevazatoribrasov.ro\/en\/wp-json\/wp\/v2\/media?parent=173"}],"curies":[{"name":"wp","href":"https:\/\/api.w.org\/{rel}","templated":true}]}}