
{"id":227,"date":"2023-11-27T17:16:25","date_gmt":"2023-11-27T15:16:25","guid":{"rendered":"https:\/\/nevazatoribrasov.ro\/?page_id=227"},"modified":"2023-11-27T17:33:28","modified_gmt":"2023-11-27T15:33:28","slug":"","status":"publish","type":"page","link":"https:\/\/nevazatoribrasov.ro\/en\/protest-pe-4-decembrie-persoanele-cu-dizabilitati-cer-dreptul-la-o-viata-demna\/","title":{"rendered":"","raw":""},"content":{"rendered":"","protected":false,"raw":""},"excerpt":{"rendered":"","protected":false,"raw":""},"author":3,"featured_media":0,"parent":0,"menu_order":0,"comment_status":"closed","ping_status":"closed","template":"","meta":{"_regular_price":[null],"currency_symbol":[null],"_en_post_content":"","_en_post_name":"","_en_post_excerpt":"","_en_post_title":"","_ro_post_content":"<!-- wp:paragraph -->\n<p>Luni, 4 decembrie 2023, \u00een intervalul 10-14, persoanele cu handicap manifesteaz\u0103 \u00een Parcul Izvor, \u00een fa\u021ba Camerei Deputa\u021bilor, pentru a-\u0219i cere drepturile, iar Asocia\u021bia Nev\u0103z\u0103torilor din Rom\u00e2nia se al\u0103tur\u0103 acestei ini\u021biative a Consiliului Na\u021bional al Dizabilit\u0103\u021bii din Rom\u00e2nia.<\/p>\n<!-- \/wp:paragraph -->\n\n<!-- wp:paragraph -->\n<p>Nu am vrut s\u0103 ajungem aici. Am c\u0103utat dialogul, am apelat insistent la autorit\u0103\u021bi pentru a rezolva problemele foarte grave pe care le avem. Din p\u0103cate, a fost f\u0103r\u0103 folos, c\u0103ci forurile decizionale ne-au tratat doar cu am\u00e2n\u0103ri \u0219i promisiuni.<\/p>\n<!-- \/wp:paragraph -->\n\n<!-- wp:paragraph -->\n<p>De aceea, \u00eentr-o \u00eencercare disperat\u0103 de a zdruncina indiferen\u021ba fa\u021b\u0103 de nemul\u021bumirile persoanelor cu dizabilit\u0103\u021bi, am decis s\u0103 ie\u0219im \u00een strad\u0103. Nu am mai f\u0103cut-o de mul\u021bi ani, nu am fi f\u0103cut-o nici acum. Dar am ajuns la cap\u0103tul r\u0103bd\u0103rii! Poate c\u0103 a\u0219a vom fi \u00een sf\u00e2r\u0219it auzi\u021bi, poate c\u0103 a\u0219a cei ce iau decizii \u00een Rom\u00e2nia vor observa c\u0103 exist\u0103m \u0219i vor \u00een\u021belege c\u0103 nu putem fi trata\u021bi ca cet\u0103\u021beni de m\u00e2na a doua. <\/p>\n<!-- \/wp:paragraph -->\n\n<!-- wp:paragraph -->\n<p>Avem patru revendic\u0103ri: indemniza\u021bii majorate, pensii calculate corect, tehnologie asistiv\u0103 subven\u021bionat\u0103 \u0219i accesibilizare.<\/p>\n<!-- \/wp:paragraph -->\n\n<!-- wp:list {\"ordered\":true} -->\n<ol><!-- wp:list-item -->\n<li>Majorarea imediat\u0103 a indemniza\u021biei de handicap<br>\u00cen ultimii zece ani, costul vie\u021bii a crescut, iar infla\u021bia a dep\u0103\u0219it toate prognozele. \u00cen fa\u021ba acestei situa\u021bii, statul a majorat substan\u021bial toate formele de sprijin social pe care le acord\u0103. Toate, mai pu\u021bin una: indemniza\u021bia de handicap! Astfel, oameni dintr-o categorie prin excelen\u021b\u0103 vulnerabil\u0103 sunt da\u021bi pur \u0219i simplu la o parte, ca \u0219i cum nu ar face parte din societatea rom\u00e2neasc\u0103.<\/li>\n<!-- \/wp:list-item -->\n\n<!-- wp:list-item -->\n<li>Revizuirea de urgen\u021b\u0103 a calculului pensiilor pentru nev\u0103z\u0103tori<br>Noua lege a pensiilor, votat\u0103 de c\u0103tre Parlament, prejudiciaz\u0103 grav o singur\u0103 categorie de beneficiari: nev\u0103z\u0103torii. \u00cen pofida eviden\u021bei \u0219i a promisiunilor de remediere a acestei inechit\u0103\u021bi majore, amendamentul pe care l-am propus a fost ignorat. Consecin\u021ba, \u00een ordine concret\u0103, este c\u0103 angaja\u021bii deficien\u021bi de vedere, \u0219i-a\u0219a pu\u021bini, sunt nevoi\u021bi s\u0103 se pensioneze p\u00e2n\u0103 la sf\u00e2r\u0219itul acestui an, altfel pensia pe care o vor primi se va \u00eenjum\u0103t\u0103\u021bi.<\/li>\n<!-- \/wp:list-item -->\n\n<!-- wp:list-item -->\n<li>Subven\u021bionarea tehnologiei asistive \u00cen toate \u021b\u0103rile din Uniunea European\u0103, statele acord\u0103 subven\u021bii persoanelor cu dizabilit\u0103\u021bi la achizi\u021bionarea aparatelor \u0219i echipamentelor indispensabile pentru dep\u0103\u0219irea handicapului. \u00cen toate, mai pu\u021bin \u00een unul: Rom\u00e2nia! F\u0103r\u0103 solu\u021biile tehnologice care i-ar putea ajuta, oamenii cu handicap sunt \u00eempiedica\u021bi \u00een eforturile lor de a se educa, de a munci, de a duce o via\u021b\u0103 independent\u0103. <\/li>\n<!-- \/wp:list-item -->\n\n<!-- wp:list-item -->\n<li>Accesibilizarea mediului informa\u021bional \u0219i fizic<br>Integrarea social\u0103 presupune \u00eenainte de orice, pentru persoanele cu dizabilit\u0103\u021bi, autonomie personal\u0103 \u0219i acces deplin la informa\u021bie. Pentru c\u0103 au \u00een\u021beles \u0219i \u0219i-au asumat acest imperativ, statele europene au adoptat directive prin care se instituie obligativitatea accesibiliz\u0103rii spa\u021biului public. Rom\u00e2nia le-a semnat, dar nu le-a pus \u00een practic\u0103. <\/li>\n<!-- \/wp:list-item --><\/ol>\n<!-- \/wp:list -->\n\n<!-- wp:paragraph -->\n<p>Lipsa accesibilit\u0103\u021bii \u00eenseamn\u0103 pentru persoanele cu dizabilit\u0103\u021bi limitarea abuziv\u0103 a posibilit\u0103\u021bilor de a tr\u0103i \u0219i a se dezvolta conform propriilor aspira\u021bii.<\/p>\n<!-- \/wp:paragraph -->\n\n<!-- wp:paragraph -->\n<p>Am vrea ca toat\u0103 lumea s\u0103 \u00een\u021beleag\u0103 c\u0103, prin revendic\u0103rile noastre, nu cerem favoruri, ci doar dreptul la o via\u021b\u0103 demn\u0103 \u0219i la egalitate de \u0219anse, \u00een acord cu prevederile Conven\u021biei ONU privind drepturile persoanelor cu dizabilit\u0103\u021bi, ratificat\u0103 de Rom\u00e2nia prin legea 221\/2010.<\/p>\n<!-- \/wp:paragraph -->\n\n<!-- wp:paragraph -->\n<p>V\u0103 a\u0219tept\u0103m a\u0219adar luni, 4.12.2023, de la ora 10, \u00een Parcul Izvor.<\/p>\n<!-- \/wp:paragraph -->\n\n<!-- wp:paragraph -->\n<p>Fi\u021bi al\u0103turi de noi! Ar\u0103ta\u021bi c\u0103 v\u0103 pas\u0103 de persoanele cu dizabilit\u0103\u021bi!<\/p>\n<!-- \/wp:paragraph -->","_ro_post_name":"protest-pe-4-decembrie-persoanele-cu-dizabilitati-cer-dreptul-la-o-viata-demna","_ro_post_excerpt":"","_ro_post_title":"Protest pe 4 decembrie! Persoanele cu dizabilit\u0103\u021bi cer dreptul la o via\u021b\u0103 demn\u0103!","_de_post_content":"","_de_post_name":"","_de_post_excerpt":"","_de_post_title":"","edit_language":"en","footnotes":""},"class_list":["post-227","page","type-page","status-publish","hentry"],"post_slider_layout_featured_media_urls":{"thumbnail":"","post_slider_layout_landscape_large":"","post_slider_layout_portrait_large":"","post_slider_layout_square_large":"","post_slider_layout_landscape":"","post_slider_layout_portrait":"","post_slider_layout_square":"","full":""},"_links":{"self":[{"href":"https:\/\/nevazatoribrasov.ro\/en\/wp-json\/wp\/v2\/pages\/227","targetHints":{"allow":["GET"]}}],"collection":[{"href":"https:\/\/nevazatoribrasov.ro\/en\/wp-json\/wp\/v2\/pages"}],"about":[{"href":"https:\/\/nevazatoribrasov.ro\/en\/wp-json\/wp\/v2\/types\/page"}],"author":[{"embeddable":true,"href":"https:\/\/nevazatoribrasov.ro\/en\/wp-json\/wp\/v2\/users\/3"}],"replies":[{"embeddable":true,"href":"https:\/\/nevazatoribrasov.ro\/en\/wp-json\/wp\/v2\/comments?post=227"}],"version-history":[{"count":0,"href":"https:\/\/nevazatoribrasov.ro\/en\/wp-json\/wp\/v2\/pages\/227\/revisions"}],"wp:attachment":[{"href":"https:\/\/nevazatoribrasov.ro\/en\/wp-json\/wp\/v2\/media?parent=227"}],"curies":[{"name":"wp","href":"https:\/\/api.w.org\/{rel}","templated":true}]}}