
{"id":258,"date":"2025-06-06T07:48:13","date_gmt":"2025-06-06T05:48:13","guid":{"rendered":"https:\/\/nevazatoribrasov.ro\/?page_id=258"},"modified":"2025-06-10T09:58:56","modified_gmt":"2025-06-10T07:58:56","slug":"","status":"publish","type":"page","link":"https:\/\/nevazatoribrasov.ro\/en\/noutati\/plachete-autocolante-informare-consumatori-tutun\/","title":{"rendered":"","raw":""},"content":{"rendered":"","protected":false,"raw":""},"excerpt":{"rendered":"","protected":false,"raw":""},"author":3,"featured_media":0,"parent":143,"menu_order":0,"comment_status":"closed","ping_status":"closed","template":"","meta":{"_regular_price":[null],"currency_symbol":[],"_en_post_content":"","_en_post_name":"","_en_post_excerpt":"","_en_post_title":"","_ro_post_content":"<!-- wp:paragraph -->\n<p><\/p>\n<!-- \/wp:paragraph -->\n\n<!-- wp:image {\"id\":261,\"width\":\"460px\",\"height\":\"auto\",\"sizeSlug\":\"full\",\"linkDestination\":\"none\",\"align\":\"center\"} -->\n<figure class=\"wp-block-image aligncenter size-full is-resized\"><img src=\"https:\/\/nevazatoribrasov.ro\/wp-content\/uploads\/2025\/06\/tutun-scaled.png\" alt=\"\" class=\"wp-image-261\" style=\"width:460px;height:auto\"\/><\/figure>\n<!-- \/wp:image -->\n\n<!-- wp:paragraph -->\n<p><\/p>\n<!-- \/wp:paragraph -->\n\n<!-- wp:paragraph -->\n<p>Venim \u00een \u00eent\u00e2mpinarea tuturor agen\u021bilor economic care comercializeaz\u0103 produse care con\u021bin tutun sau substan\u021be asociate \u0219i au obliga\u021bia de a informa consumatorii conform Ordinului ANPC nr. 331 din 03.04.2025 publicat \u00een Monitorul Oficial nr. 325 din 11.04.2025, cu data intr\u0103rii \u00een vigoare 11.05.2025, cu plachete autocolante conform anexei ordinului mai sus-men\u021bionat.<br><\/p>\n<!-- \/wp:paragraph -->\n\n<!-- wp:paragraph -->\n<p>Venim \u00een \u00eent\u00e2mpinarea tuturor agen\u021bilor economic care comercializeaz\u0103 produse care con\u021bin tutun sau substan\u021be asociate \u0219i au obliga\u021bia de a informa consumatorii conform Ordinului ANPC nr. 331 din 03.04.2025 publicat \u00een Monitorul Oficial nr. 325 din 11.04.2025, cu data intr\u0103rii \u00een vigoare 11.05.2025, cu plachete autocolante conform anexei ordinului mai sus-men\u021bionat.<br><\/p>\n<!-- \/wp:paragraph -->\n\n<!-- wp:paragraph -->\n<p>Informa\u021bii \u0219i comenzi la e-mail <a href=\"mailto:bvanvr@gmail.com\">bvanvr@gmail.com<\/a> sau telefon <a href=\"tel:0368429123\">0368 429 123<\/a> (L-V 14-16).<\/p>\n<!-- \/wp:paragraph -->\n\n<!-- wp:paragraph -->\n<p><\/p>\n<!-- \/wp:paragraph -->","_ro_post_name":"plachete-autocolante-informare-consumatori-tutun","_ro_post_excerpt":"","_ro_post_title":"Plachete autocolante informare consumatori produse care con\u021bin tutun sau substan\u021be asociate","_de_post_content":"","_de_post_name":"","_de_post_excerpt":"","_de_post_title":"","edit_language":"en","footnotes":""},"class_list":["post-258","page","type-page","status-publish","hentry"],"post_slider_layout_featured_media_urls":{"thumbnail":"","post_slider_layout_landscape_large":"","post_slider_layout_portrait_large":"","post_slider_layout_square_large":"","post_slider_layout_landscape":"","post_slider_layout_portrait":"","post_slider_layout_square":"","full":""},"_links":{"self":[{"href":"https:\/\/nevazatoribrasov.ro\/en\/wp-json\/wp\/v2\/pages\/258","targetHints":{"allow":["GET"]}}],"collection":[{"href":"https:\/\/nevazatoribrasov.ro\/en\/wp-json\/wp\/v2\/pages"}],"about":[{"href":"https:\/\/nevazatoribrasov.ro\/en\/wp-json\/wp\/v2\/types\/page"}],"author":[{"embeddable":true,"href":"https:\/\/nevazatoribrasov.ro\/en\/wp-json\/wp\/v2\/users\/3"}],"replies":[{"embeddable":true,"href":"https:\/\/nevazatoribrasov.ro\/en\/wp-json\/wp\/v2\/comments?post=258"}],"version-history":[{"count":0,"href":"https:\/\/nevazatoribrasov.ro\/en\/wp-json\/wp\/v2\/pages\/258\/revisions"}],"up":[{"embeddable":true,"href":"https:\/\/nevazatoribrasov.ro\/en\/wp-json\/wp\/v2\/pages\/143"}],"wp:attachment":[{"href":"https:\/\/nevazatoribrasov.ro\/en\/wp-json\/wp\/v2\/media?parent=258"}],"curies":[{"name":"wp","href":"https:\/\/api.w.org\/{rel}","templated":true}]}}