
{"id":269,"date":"2025-10-14T13:46:28","date_gmt":"2025-10-14T11:46:28","guid":{"rendered":"https:\/\/nevazatoribrasov.ro\/?page_id=269"},"modified":"2025-10-14T13:46:28","modified_gmt":"2025-10-14T11:46:28","slug":"","status":"publish","type":"page","link":"https:\/\/nevazatoribrasov.ro\/en\/marcarea-zilei-internationale-a-bastonului-alb\/","title":{"rendered":"","raw":""},"content":{"rendered":"","protected":false,"raw":""},"excerpt":{"rendered":"","protected":false,"raw":""},"author":3,"featured_media":0,"parent":0,"menu_order":0,"comment_status":"closed","ping_status":"closed","template":"","meta":{"_regular_price":[null],"currency_symbol":[],"_en_post_content":"","_en_post_name":"","_en_post_excerpt":"","_en_post_title":"","_ro_post_content":"<!-- wp:paragraph -->\n<p>\u0218i \u00een acest an Asocia\u021bia Nev\u0103z\u0103torilor Bra\u0219ov continu\u0103 seria de evenimente dedicate marc\u0103rii Zilei Interna\u021bionale a Bastonului Alb.<\/p>\n<!-- \/wp:paragraph -->\n\n<!-- wp:paragraph -->\n<p>Astfel, \u00een zilele de 15 \u0219i 17 octombrie organiz\u0103m c\u00e2te o deplasare de grup pentru inaugurarea noului traseu cultural accesibilizat creat \u00een cadrul proiectului \u201eVedem istoria cu m\u00e2inile noastre\u201d, finan\u021bat de Consiliul Jude\u021bean Bra\u0219ov, contract nr. 5\/13932 din 17.06.2025.<\/p>\n<!-- \/wp:paragraph -->\n\n<!-- wp:paragraph -->\n<p>\u00cencep\u00e2nd cu ora 10 ne vom deplasa pe ruta Bra\u0219ov, Biserica Fortificat\u0103 Prejmer, Biserica Fortificat\u0103 H\u0103rman, Hof H\u0103rman, obiective puse \u00een valoare prin accesibilizarea cu elemente de signalistic\u0103 tactil\u0103 \u0219i machete tridimensionale, pentru facilitarea accesului turi\u0219tilor cu deficien\u021be de vedere.<\/p>\n<!-- \/wp:paragraph -->\n\n<!-- wp:paragraph -->\n<p>\u00cen seara zilei de 15 octombrie va avea loc la restaurantul F\u00e9nyes din S\u0103cele tradi\u021bionala \u201eCin\u0103 pe nev\u0103zute\u201d, organizat\u0103 \u00eempreun\u0103 cu prietenii \u0219i sponsorii no\u0219tri genero\u0219i, Clubul Lions Bra\u0219ov, la care sunt invita\u021bi to\u021bi cei care doresc pe de o parte s\u0103 experimenteze provoc\u0103rile cu care se confrunt\u0103 semenii lor lipsi\u021bi de privilegiul vederii, iar pe de alt\u0103 parte s\u0103 sus\u021bin\u0103 proiectele Asocia\u021biei Nev\u0103z\u0103torilor Bra\u0219ov destinate \u00eembun\u0103t\u0103\u021birii calit\u0103\u021bii vie\u021bii acestora.<\/p>\n<!-- \/wp:paragraph -->\n\n<!-- wp:paragraph -->\n<p>Pentru mai multe informa\u021bii ne pute\u021bi contacta la:<\/p>\n<!-- \/wp:paragraph -->\n\n<!-- wp:list -->\n<ul class=\"wp-block-list\"><!-- wp:list-item -->\n<li>Telefon \u2013 0368 429 123<\/li>\n<!-- \/wp:list-item -->\n\n<!-- wp:list-item -->\n<li>Email \u2013 bvanvr@gmail.com<\/li>\n<!-- \/wp:list-item --><\/ul>\n<!-- \/wp:list -->\n\n<!-- wp:paragraph -->\n<p><\/p>\n<!-- \/wp:paragraph -->","_ro_post_name":"marcarea-zilei-internationale-a-bastonului-alb","_ro_post_excerpt":"","_ro_post_title":"MARCAREA ZILEI INTERNA\u021aIONALE A BASTONULUI ALB","_de_post_content":"","_de_post_name":"","_de_post_excerpt":"","_de_post_title":"","edit_language":"en","footnotes":""},"class_list":["post-269","page","type-page","status-publish","hentry"],"post_slider_layout_featured_media_urls":{"thumbnail":"","post_slider_layout_landscape_large":"","post_slider_layout_portrait_large":"","post_slider_layout_square_large":"","post_slider_layout_landscape":"","post_slider_layout_portrait":"","post_slider_layout_square":"","full":""},"_links":{"self":[{"href":"https:\/\/nevazatoribrasov.ro\/en\/wp-json\/wp\/v2\/pages\/269","targetHints":{"allow":["GET"]}}],"collection":[{"href":"https:\/\/nevazatoribrasov.ro\/en\/wp-json\/wp\/v2\/pages"}],"about":[{"href":"https:\/\/nevazatoribrasov.ro\/en\/wp-json\/wp\/v2\/types\/page"}],"author":[{"embeddable":true,"href":"https:\/\/nevazatoribrasov.ro\/en\/wp-json\/wp\/v2\/users\/3"}],"replies":[{"embeddable":true,"href":"https:\/\/nevazatoribrasov.ro\/en\/wp-json\/wp\/v2\/comments?post=269"}],"version-history":[{"count":0,"href":"https:\/\/nevazatoribrasov.ro\/en\/wp-json\/wp\/v2\/pages\/269\/revisions"}],"wp:attachment":[{"href":"https:\/\/nevazatoribrasov.ro\/en\/wp-json\/wp\/v2\/media?parent=269"}],"curies":[{"name":"wp","href":"https:\/\/api.w.org\/{rel}","templated":true}]}}