
{"id":275,"date":"2025-11-03T13:19:31","date_gmt":"2025-11-03T11:19:31","guid":{"rendered":"https:\/\/nevazatoribrasov.ro\/?page_id=275"},"modified":"2025-11-03T13:24:26","modified_gmt":"2025-11-03T11:24:26","slug":"","status":"publish","type":"page","link":"https:\/\/nevazatoribrasov.ro\/en\/finalizarea-proiectului-vedem-istoria-prin-mainile-noastre\/","title":{"rendered":"","raw":""},"content":{"rendered":"","protected":false,"raw":""},"excerpt":{"rendered":"","protected":false,"raw":""},"author":3,"featured_media":0,"parent":0,"menu_order":0,"comment_status":"closed","ping_status":"closed","template":"","meta":{"_regular_price":[null],"currency_symbol":[],"_en_post_content":"","_en_post_name":"","_en_post_excerpt":"","_en_post_title":"","_ro_post_content":"<!-- wp:image {\"id\":278,\"sizeSlug\":\"large\"} -->\n<figure class=\"wp-block-image size-large\"><img src=\"https:\/\/nevazatoribrasov.ro\/wp-content\/uploads\/2025\/11\/project-3-1600x-1024x768-1.jpg\" alt=\"\" class=\"wp-image-278\"\/><\/figure>\n<!-- \/wp:image -->\n\n<!-- wp:paragraph -->\n<p><\/p>\n<!-- \/wp:paragraph -->\n\n<!-- wp:paragraph -->\n<p>Asocia\u021bia Nev\u0103z\u0103torilor din Rom\u00e2nia \u2013 Filiala Bra\u0219ov anun\u021b\u0103 finalizarea proiectului \u201eVedem istoria prin m\u00e2inile noastre\u201d.<\/p>\n<!-- \/wp:paragraph -->\n\n<!-- wp:paragraph -->\n<p><\/p>\n<!-- \/wp:paragraph -->\n\n<!-- wp:paragraph -->\n<p>Proiectul finan\u021bat de Consiliul Jude\u021bean Bra\u0219ov, contract nr. 5\/13932 din 17.06.2025, a avut ca obiectiv principal integrarea nev\u0103z\u0103torilor \u0219i a deficien\u021bilor de vedere \u00een via\u021ba social-cultural\u0103 a comunit\u0103\u021bii, dezvoltarea durabil\u0103 a turismului prin promovarea bisericilor-cetate fortificate din jude\u021bul Bra\u0219ov, a punctelor gastronomice locale \u0219i punerea \u00een valoare a acestora prin accesibilizarea cu elemente de signalistic\u0103 tactil\u0103 \u0219i machete tridimensionale, pentru facilitarea accesului turi\u0219tilor cu deficien\u021be de vedere.<\/p>\n<!-- \/wp:paragraph -->\n\n<!-- wp:paragraph -->\n<p><\/p>\n<!-- \/wp:paragraph -->\n\n<!-- wp:paragraph -->\n<p>Perioada de implementare a proiectului a fost 17.06.2025-31.10.2025.<\/p>\n<!-- \/wp:paragraph -->\n\n<!-- wp:paragraph -->\n<p><\/p>\n<!-- \/wp:paragraph -->\n\n<!-- wp:paragraph -->\n<p>Obiectivele specifice urm\u0103rite prin implementarea acestui proiect au fost:<\/p>\n<!-- \/wp:paragraph -->\n\n<!-- wp:paragraph -->\n<p>- Accesul persoanelor deficiente de vedere la rute cultural-istorice \u0219i gastronomice \u2013 40 de persoane nev\u0103z\u0103toare \u0219i\/sau slab v\u0103z\u0103toare au vizitat bisericile-cetate fortificate selectate (Prejmer, H\u0103rman \u0219i H\u0103lmeag) \u0219i au beneficiat de materiale informative tip\u0103rite \u00een alfabet punctiform Braille, precum \u0219i \u00een format audio;<\/p>\n<!-- \/wp:paragraph -->\n\n<!-- wp:paragraph -->\n<p>- Obiectivele istorice sus-men\u021bionate au fost dotate cu materiale tactile de signalistic\u0103, machete tridimensionale ale artefactelor semnificative, precum \u0219i cu materiale informative tip\u0103rite \u00een alfabet punctiform Braille \u0219i EasyRead \u00een limbile rom\u00e2n\u0103, englez\u0103, german\u0103 \/ maghiar\u0103;<\/p>\n<!-- \/wp:paragraph -->\n\n<!-- wp:paragraph -->\n<p>- Experien\u021be gastronomice cu specific transilv\u0103nean local \u0219i dotarea Punctului Gastronomic Local Hof H\u0103rman cu listele de preparate, ingrediente \u0219i pre\u021buri \u00een format punctiform Braille \u0219i audio, precum \u0219i cu pl\u0103cu\u021be de signalistic\u0103 uzuale (intrare, ie\u0219ire, etc.).<\/p>\n<!-- \/wp:paragraph -->\n\n<!-- wp:paragraph -->\n<p><\/p>\n<!-- \/wp:paragraph -->\n\n<!-- wp:paragraph -->\n<p>Nev\u0103z\u0103torii \u0219i deficien\u021bii de vedere din jude\u021bul Bra\u0219ov au posibilit\u0103\u021bi extrem de limitate \u00een accesarea monumentelor istorice de o valoare inestimabil\u0103 ale jude\u021bului Bra\u0219ov, fiind \u00een acest fel exclu\u0219i de la via\u021ba cultural\u0103 \u0219i turistic\u0103 a comunit\u0103\u021bii.<\/p>\n<!-- \/wp:paragraph -->\n\n<!-- wp:paragraph -->\n<p><\/p>\n<!-- \/wp:paragraph -->\n\n<!-- wp:paragraph -->\n<p>Prin proiectul nostru am adus un plus de accesabilitate, un pas \u00eenainte spre normalitate, prin incluziunea real\u0103 a persoanelor cu deficien\u021be de vedere \u00een via\u021ba cultural\u0103 a cet\u0103\u021bii.<\/p>\n<!-- \/wp:paragraph -->\n\n<!-- wp:paragraph -->\n<p><\/p>\n<!-- \/wp:paragraph -->\n\n<!-- wp:paragraph -->\n<p>Handicapul vizual, o problem\u0103 acut\u0103 at\u00e2t pentru individ, c\u00e2t \u0219i pentru societate, necesit\u00e2nd o preocupare continu\u0103 din partea asocia\u021biei reprezentative pentru facilitarea, cu mijloace specifice, a accesului acestui grup vulnerabil la patrimoniul cultural-istoric local.<\/p>\n<!-- \/wp:paragraph -->\n\n<!-- wp:paragraph -->\n<p><\/p>\n<!-- \/wp:paragraph -->\n\n<!-- wp:paragraph -->\n<p>Mul\u021bumim finan\u021batorului, Consiliul Jude\u021bean Bra\u0219ov, \u0219i partenerilor no\u0219tri: Biserica Fortificat\u0103 din H\u0103lmeag, Biserica Fortificat\u0103 Prejmer, Biserica Fortificat\u0103 H\u0103rman \u0219i Punctul Gastronomic Local - Hof H\u0103rman.<\/p>\n<!-- \/wp:paragraph -->\n\n<!-- wp:paragraph -->\n<p><\/p>\n<!-- \/wp:paragraph -->\n\n<!-- wp:paragraph -->\n<p>Pentru mai multe informa\u021bii legate de proiect ne pute\u021bi contacta la datele de mai jos:<\/p>\n<!-- \/wp:paragraph -->\n\n<!-- wp:list -->\n<ul class=\"wp-block-list\"><!-- wp:list-item -->\n<li>Telefon \u2013 0368 429 123<\/li>\n<!-- \/wp:list-item -->\n\n<!-- wp:list-item -->\n<li>Email \u2013&nbsp;<a href=\"mailto:bvanvr@gmail.com\">bvanvr@gmail.com<\/a><\/li>\n<!-- \/wp:list-item --><\/ul>\n<!-- \/wp:list -->\n\n<!-- wp:paragraph -->\n<p><\/p>\n<!-- \/wp:paragraph -->","_ro_post_name":"finalizarea-proiectului-vedem-istoria-prin-mainile-noastre","_ro_post_excerpt":"","_ro_post_title":"FINALIZAREA PROIECTULUI \u201eVEDEM ISTORIA PRIN M\u00c2INILE NOASTRE\u201d","_de_post_content":"","_de_post_name":"","_de_post_excerpt":"","_de_post_title":"","edit_language":"en","footnotes":""},"class_list":["post-275","page","type-page","status-publish","hentry"],"post_slider_layout_featured_media_urls":{"thumbnail":"","post_slider_layout_landscape_large":"","post_slider_layout_portrait_large":"","post_slider_layout_square_large":"","post_slider_layout_landscape":"","post_slider_layout_portrait":"","post_slider_layout_square":"","full":""},"_links":{"self":[{"href":"https:\/\/nevazatoribrasov.ro\/en\/wp-json\/wp\/v2\/pages\/275","targetHints":{"allow":["GET"]}}],"collection":[{"href":"https:\/\/nevazatoribrasov.ro\/en\/wp-json\/wp\/v2\/pages"}],"about":[{"href":"https:\/\/nevazatoribrasov.ro\/en\/wp-json\/wp\/v2\/types\/page"}],"author":[{"embeddable":true,"href":"https:\/\/nevazatoribrasov.ro\/en\/wp-json\/wp\/v2\/users\/3"}],"replies":[{"embeddable":true,"href":"https:\/\/nevazatoribrasov.ro\/en\/wp-json\/wp\/v2\/comments?post=275"}],"version-history":[{"count":0,"href":"https:\/\/nevazatoribrasov.ro\/en\/wp-json\/wp\/v2\/pages\/275\/revisions"}],"wp:attachment":[{"href":"https:\/\/nevazatoribrasov.ro\/en\/wp-json\/wp\/v2\/media?parent=275"}],"curies":[{"name":"wp","href":"https:\/\/api.w.org\/{rel}","templated":true}]}}